{"id":823,"date":"2022-02-22T12:11:20","date_gmt":"2022-03-06T23:00:13","guid":{"rendered":"https:\/\/rougebleue.com\/?post_type=product&#038;p=823"},"modified":"2023-05-25T16:49:36","modified_gmt":"2023-05-25T20:49:36","slug":"download","status":"publish","type":"product","link":"https:\/\/rougebleue.com\/en\/product\/download\/","title":{"rendered":"Lizotte Plays Lizotte &#8211; download only"},"content":{"rendered":"<p>The Deluxe CD album includes a cover adorned with silver hot foil, a 24-page bilingual booklet with fold-out middle pages and a numbered origami slipcase.<\/p>\n<p>Caroline Lizotte gives us her interpretation of some of her most famous works: Raga for two harps, Suite Galactique for solo harp, La Madone berceuse for solo harp, as well as two world premiere recordings, Odyss\u00e9e for solo harp and Stellar Sonata for electroacoustic harp.<\/p>\n","protected":false},"excerpt":{"rendered":"<p>Digital download + Digital booklet in pdf format<\/p>\n","protected":false},"featured_media":749,"comment_status":"open","ping_status":"closed","template":"","meta":{"_et_pb_use_builder":"","_et_pb_old_content":"","_et_gb_content_width":""},"product_cat":[40],"product_tag":[],"class_list":["post-823","product","type-product","status-publish","has-post-thumbnail","hentry","product_cat-downloads-en","product_shipping_class-downloads-en"],"yoast_head":"<!-- This site is optimized with the Yoast SEO plugin v22.0 - https:\/\/yoast.com\/wordpress\/plugins\/seo\/ -->\n<title>Lizotte Plays Lizotte - download only - Roug\u00e9bLeu\u00eb Productions<\/title>\n<meta name=\"robots\" content=\"noindex, nofollow\" \/>\n<meta property=\"og:locale\" content=\"en_US\" \/>\n<meta property=\"og:type\" content=\"article\" \/>\n<meta property=\"og:title\" content=\"Lizotte Plays Lizotte - download only - Roug\u00e9bLeu\u00eb Productions\" \/>\n<meta property=\"og:description\" content=\"Digital download + Digital booklet in pdf format\" \/>\n<meta property=\"og:url\" content=\"https:\/\/rougebleue.com\/en\/product\/download\/\" \/>\n<meta property=\"og:site_name\" content=\"Roug\u00e9bLeu\u00eb Productions\" \/>\n<meta property=\"article:publisher\" content=\"https:\/\/www.facebook.com\/CarolineLizotteHarpist\/\" \/>\n<meta property=\"article:modified_time\" content=\"2023-05-25T20:49:36+00:00\" \/>\n<meta property=\"og:image\" content=\"https:\/\/rougebleue.com\/wp-content\/uploads\/2022\/01\/album_cover.jpg\" \/>\n\t<meta property=\"og:image:width\" content=\"1000\" \/>\n\t<meta property=\"og:image:height\" content=\"1000\" \/>\n\t<meta property=\"og:image:type\" content=\"image\/jpeg\" \/>\n<meta name=\"twitter:card\" content=\"summary_large_image\" \/>\n<script type=\"application\/ld+json\" class=\"yoast-schema-graph\">{\"@context\":\"https:\/\/schema.org\",\"@graph\":[{\"@type\":\"WebPage\",\"@id\":\"https:\/\/rougebleue.com\/en\/product\/download\/\",\"url\":\"https:\/\/rougebleue.com\/en\/product\/download\/\",\"name\":\"Lizotte Plays Lizotte - download only - Roug\u00e9bLeu\u00eb Productions\",\"isPartOf\":{\"@id\":\"https:\/\/rougebleue.com\/en\/#website\"},\"datePublished\":\"2022-03-06T23:00:13+00:00\",\"dateModified\":\"2023-05-25T20:49:36+00:00\",\"breadcrumb\":{\"@id\":\"https:\/\/rougebleue.com\/en\/product\/download\/#breadcrumb\"},\"inLanguage\":\"en-US\",\"potentialAction\":[{\"@type\":\"ReadAction\",\"target\":[\"https:\/\/rougebleue.com\/en\/product\/download\/\"]}]},{\"@type\":\"BreadcrumbList\",\"@id\":\"https:\/\/rougebleue.com\/en\/product\/download\/#breadcrumb\",\"itemListElement\":[{\"@type\":\"ListItem\",\"position\":1,\"name\":\"Home\",\"item\":\"https:\/\/rougebleue.com\/en\/\"},{\"@type\":\"ListItem\",\"position\":2,\"name\":\"Shop\",\"item\":\"https:\/\/rougebleue.com\/boutique\/\"},{\"@type\":\"ListItem\",\"position\":3,\"name\":\"Lizotte Plays Lizotte &#8211; download only\"}]},{\"@type\":\"WebSite\",\"@id\":\"https:\/\/rougebleue.com\/en\/#website\",\"url\":\"https:\/\/rougebleue.com\/en\/\",\"name\":\"Roug\u00e9bLeu\u00eb Productions\",\"description\":\"\u00c9tiquette de disque ind\u00e9pendante et maison de production qu\u00e9b\u00e9coise - Artistes: Caroline Lizotte, \u00c9tienne Ratth\u00e9\",\"potentialAction\":[{\"@type\":\"SearchAction\",\"target\":{\"@type\":\"EntryPoint\",\"urlTemplate\":\"https:\/\/rougebleue.com\/en\/?s={search_term_string}\"},\"query-input\":\"required name=search_term_string\"}],\"inLanguage\":\"en-US\"}]}<\/script>\n<!-- \/ Yoast SEO plugin. -->","yoast_head_json":{"title":"Lizotte Plays Lizotte - download only - Roug\u00e9bLeu\u00eb Productions","robots":{"index":"noindex","follow":"nofollow"},"og_locale":"en_US","og_type":"article","og_title":"Lizotte Plays Lizotte - download only - Roug\u00e9bLeu\u00eb Productions","og_description":"Digital download + Digital booklet in pdf format","og_url":"https:\/\/rougebleue.com\/en\/product\/download\/","og_site_name":"Roug\u00e9bLeu\u00eb Productions","article_publisher":"https:\/\/www.facebook.com\/CarolineLizotteHarpist\/","article_modified_time":"2023-05-25T20:49:36+00:00","og_image":[{"width":1000,"height":1000,"url":"https:\/\/rougebleue.com\/wp-content\/uploads\/2022\/01\/album_cover.jpg","type":"image\/jpeg"}],"twitter_card":"summary_large_image","schema":{"@context":"https:\/\/schema.org","@graph":[{"@type":"WebPage","@id":"https:\/\/rougebleue.com\/en\/product\/download\/","url":"https:\/\/rougebleue.com\/en\/product\/download\/","name":"Lizotte Plays Lizotte - download only - Roug\u00e9bLeu\u00eb Productions","isPartOf":{"@id":"https:\/\/rougebleue.com\/en\/#website"},"datePublished":"2022-03-06T23:00:13+00:00","dateModified":"2023-05-25T20:49:36+00:00","breadcrumb":{"@id":"https:\/\/rougebleue.com\/en\/product\/download\/#breadcrumb"},"inLanguage":"en-US","potentialAction":[{"@type":"ReadAction","target":["https:\/\/rougebleue.com\/en\/product\/download\/"]}]},{"@type":"BreadcrumbList","@id":"https:\/\/rougebleue.com\/en\/product\/download\/#breadcrumb","itemListElement":[{"@type":"ListItem","position":1,"name":"Home","item":"https:\/\/rougebleue.com\/en\/"},{"@type":"ListItem","position":2,"name":"Shop","item":"https:\/\/rougebleue.com\/boutique\/"},{"@type":"ListItem","position":3,"name":"Lizotte Plays Lizotte &#8211; download only"}]},{"@type":"WebSite","@id":"https:\/\/rougebleue.com\/en\/#website","url":"https:\/\/rougebleue.com\/en\/","name":"Roug\u00e9bLeu\u00eb Productions","description":"\u00c9tiquette de disque ind\u00e9pendante et maison de production qu\u00e9b\u00e9coise - Artistes: Caroline Lizotte, \u00c9tienne Ratth\u00e9","potentialAction":[{"@type":"SearchAction","target":{"@type":"EntryPoint","urlTemplate":"https:\/\/rougebleue.com\/en\/?s={search_term_string}"},"query-input":"required name=search_term_string"}],"inLanguage":"en-US"}]}},"_links":{"self":[{"href":"https:\/\/rougebleue.com\/en\/wp-json\/wp\/v2\/product\/823","targetHints":{"allow":["GET"]}}],"collection":[{"href":"https:\/\/rougebleue.com\/en\/wp-json\/wp\/v2\/product"}],"about":[{"href":"https:\/\/rougebleue.com\/en\/wp-json\/wp\/v2\/types\/product"}],"replies":[{"embeddable":true,"href":"https:\/\/rougebleue.com\/en\/wp-json\/wp\/v2\/comments?post=823"}],"wp:featuredmedia":[{"embeddable":true,"href":"https:\/\/rougebleue.com\/en\/wp-json\/wp\/v2\/media\/749"}],"wp:attachment":[{"href":"https:\/\/rougebleue.com\/en\/wp-json\/wp\/v2\/media?parent=823"}],"wp:term":[{"taxonomy":"product_cat","embeddable":true,"href":"https:\/\/rougebleue.com\/en\/wp-json\/wp\/v2\/product_cat?post=823"},{"taxonomy":"product_tag","embeddable":true,"href":"https:\/\/rougebleue.com\/en\/wp-json\/wp\/v2\/product_tag?post=823"}],"curies":[{"name":"wp","href":"https:\/\/api.w.org\/{rel}","templated":true}]}}