{"id":1617,"date":"2025-04-07T10:48:34","date_gmt":"2025-04-07T14:48:34","guid":{"rendered":"https:\/\/rougebleue.com\/?post_type=product&#038;p=1617"},"modified":"2025-04-07T14:20:03","modified_gmt":"2025-04-07T18:20:03","slug":"raga-mallet-copie-copie","status":"publish","type":"product","link":"https:\/\/rougebleue.com\/en\/product\/raga-mallet-copie-copie\/","title":{"rendered":"Partita"},"content":{"rendered":"","protected":false},"excerpt":{"rendered":"","protected":false},"featured_media":0,"comment_status":"open","ping_status":"closed","template":"","meta":{"_et_pb_use_builder":"","_et_pb_old_content":"","_et_gb_content_width":""},"product_cat":[44],"product_tag":[],"class_list":["post-1617","product","type-product","status-publish","hentry","product_cat-caisse-mobile-en"],"yoast_head":"<!-- This site is optimized with the Yoast SEO plugin v22.0 - https:\/\/yoast.com\/wordpress\/plugins\/seo\/ -->\n<title>Partita - Roug\u00e9bLeu\u00eb Productions<\/title>\n<meta name=\"robots\" content=\"noindex, nofollow\" \/>\n<meta property=\"og:locale\" content=\"en_US\" \/>\n<meta property=\"og:type\" content=\"article\" \/>\n<meta property=\"og:title\" content=\"Partita - Roug\u00e9bLeu\u00eb Productions\" \/>\n<meta property=\"og:url\" content=\"https:\/\/rougebleue.com\/en\/product\/raga-mallet-copie-copie\/\" \/>\n<meta property=\"og:site_name\" content=\"Roug\u00e9bLeu\u00eb Productions\" \/>\n<meta property=\"article:publisher\" content=\"https:\/\/www.facebook.com\/CarolineLizotteHarpist\/\" \/>\n<meta property=\"article:modified_time\" content=\"2025-04-07T18:20:03+00:00\" \/>\n<meta property=\"og:image\" content=\"https:\/\/rougebleue.com\/wp-content\/uploads\/2022\/02\/Rougebleueproductions_fond_noir_video.png\" \/>\n\t<meta property=\"og:image:width\" content=\"1800\" \/>\n\t<meta property=\"og:image:height\" content=\"741\" \/>\n\t<meta property=\"og:image:type\" content=\"image\/png\" \/>\n<meta name=\"twitter:card\" content=\"summary_large_image\" \/>\n<script type=\"application\/ld+json\" class=\"yoast-schema-graph\">{\"@context\":\"https:\/\/schema.org\",\"@graph\":[{\"@type\":\"WebPage\",\"@id\":\"https:\/\/rougebleue.com\/en\/product\/raga-mallet-copie-copie\/\",\"url\":\"https:\/\/rougebleue.com\/en\/product\/raga-mallet-copie-copie\/\",\"name\":\"Partita - Roug\u00e9bLeu\u00eb Productions\",\"isPartOf\":{\"@id\":\"https:\/\/rougebleue.com\/en\/#website\"},\"datePublished\":\"2025-04-07T14:48:34+00:00\",\"dateModified\":\"2025-04-07T18:20:03+00:00\",\"breadcrumb\":{\"@id\":\"https:\/\/rougebleue.com\/en\/product\/raga-mallet-copie-copie\/#breadcrumb\"},\"inLanguage\":\"en-US\",\"potentialAction\":[{\"@type\":\"ReadAction\",\"target\":[\"https:\/\/rougebleue.com\/en\/product\/raga-mallet-copie-copie\/\"]}]},{\"@type\":\"BreadcrumbList\",\"@id\":\"https:\/\/rougebleue.com\/en\/product\/raga-mallet-copie-copie\/#breadcrumb\",\"itemListElement\":[{\"@type\":\"ListItem\",\"position\":1,\"name\":\"Home\",\"item\":\"https:\/\/rougebleue.com\/en\/\"},{\"@type\":\"ListItem\",\"position\":2,\"name\":\"Shop\",\"item\":\"https:\/\/rougebleue.com\/boutique\/\"},{\"@type\":\"ListItem\",\"position\":3,\"name\":\"Partita\"}]},{\"@type\":\"WebSite\",\"@id\":\"https:\/\/rougebleue.com\/en\/#website\",\"url\":\"https:\/\/rougebleue.com\/en\/\",\"name\":\"Roug\u00e9bLeu\u00eb Productions\",\"description\":\"\u00c9tiquette de disque ind\u00e9pendante et maison de production qu\u00e9b\u00e9coise - Artistes: Caroline Lizotte, \u00c9tienne Ratth\u00e9\",\"potentialAction\":[{\"@type\":\"SearchAction\",\"target\":{\"@type\":\"EntryPoint\",\"urlTemplate\":\"https:\/\/rougebleue.com\/en\/?s={search_term_string}\"},\"query-input\":\"required name=search_term_string\"}],\"inLanguage\":\"en-US\"}]}<\/script>\n<!-- \/ Yoast SEO plugin. -->","yoast_head_json":{"title":"Partita - Roug\u00e9bLeu\u00eb Productions","robots":{"index":"noindex","follow":"nofollow"},"og_locale":"en_US","og_type":"article","og_title":"Partita - Roug\u00e9bLeu\u00eb Productions","og_url":"https:\/\/rougebleue.com\/en\/product\/raga-mallet-copie-copie\/","og_site_name":"Roug\u00e9bLeu\u00eb Productions","article_publisher":"https:\/\/www.facebook.com\/CarolineLizotteHarpist\/","article_modified_time":"2025-04-07T18:20:03+00:00","og_image":[{"width":1800,"height":741,"url":"https:\/\/rougebleue.com\/wp-content\/uploads\/2022\/02\/Rougebleueproductions_fond_noir_video.png","type":"image\/png"}],"twitter_card":"summary_large_image","schema":{"@context":"https:\/\/schema.org","@graph":[{"@type":"WebPage","@id":"https:\/\/rougebleue.com\/en\/product\/raga-mallet-copie-copie\/","url":"https:\/\/rougebleue.com\/en\/product\/raga-mallet-copie-copie\/","name":"Partita - Roug\u00e9bLeu\u00eb Productions","isPartOf":{"@id":"https:\/\/rougebleue.com\/en\/#website"},"datePublished":"2025-04-07T14:48:34+00:00","dateModified":"2025-04-07T18:20:03+00:00","breadcrumb":{"@id":"https:\/\/rougebleue.com\/en\/product\/raga-mallet-copie-copie\/#breadcrumb"},"inLanguage":"en-US","potentialAction":[{"@type":"ReadAction","target":["https:\/\/rougebleue.com\/en\/product\/raga-mallet-copie-copie\/"]}]},{"@type":"BreadcrumbList","@id":"https:\/\/rougebleue.com\/en\/product\/raga-mallet-copie-copie\/#breadcrumb","itemListElement":[{"@type":"ListItem","position":1,"name":"Home","item":"https:\/\/rougebleue.com\/en\/"},{"@type":"ListItem","position":2,"name":"Shop","item":"https:\/\/rougebleue.com\/boutique\/"},{"@type":"ListItem","position":3,"name":"Partita"}]},{"@type":"WebSite","@id":"https:\/\/rougebleue.com\/en\/#website","url":"https:\/\/rougebleue.com\/en\/","name":"Roug\u00e9bLeu\u00eb Productions","description":"\u00c9tiquette de disque ind\u00e9pendante et maison de production qu\u00e9b\u00e9coise - Artistes: Caroline Lizotte, \u00c9tienne Ratth\u00e9","potentialAction":[{"@type":"SearchAction","target":{"@type":"EntryPoint","urlTemplate":"https:\/\/rougebleue.com\/en\/?s={search_term_string}"},"query-input":"required name=search_term_string"}],"inLanguage":"en-US"}]}},"_links":{"self":[{"href":"https:\/\/rougebleue.com\/en\/wp-json\/wp\/v2\/product\/1617","targetHints":{"allow":["GET"]}}],"collection":[{"href":"https:\/\/rougebleue.com\/en\/wp-json\/wp\/v2\/product"}],"about":[{"href":"https:\/\/rougebleue.com\/en\/wp-json\/wp\/v2\/types\/product"}],"replies":[{"embeddable":true,"href":"https:\/\/rougebleue.com\/en\/wp-json\/wp\/v2\/comments?post=1617"}],"wp:attachment":[{"href":"https:\/\/rougebleue.com\/en\/wp-json\/wp\/v2\/media?parent=1617"}],"wp:term":[{"taxonomy":"product_cat","embeddable":true,"href":"https:\/\/rougebleue.com\/en\/wp-json\/wp\/v2\/product_cat?post=1617"},{"taxonomy":"product_tag","embeddable":true,"href":"https:\/\/rougebleue.com\/en\/wp-json\/wp\/v2\/product_tag?post=1617"}],"curies":[{"name":"wp","href":"https:\/\/api.w.org\/{rel}","templated":true}]}}