{"id":1104,"date":"2022-06-29T13:25:15","date_gmt":"2022-06-29T17:25:17","guid":{"rendered":"https:\/\/rougebleue.com\/?post_type=product&#038;p=1104"},"modified":"2025-04-07T14:03:49","modified_gmt":"2025-04-07T18:03:49","slug":"lizotte-plays-lizotte-copie-2","status":"publish","type":"product","link":"https:\/\/rougebleue.com\/en\/product\/lizotte-plays-lizotte-copie-2\/","title":{"rendered":"Lizotte Plays Lizotte &#8211; CD + download"},"content":{"rendered":"<p>The Deluxe Lizotte plays Lizotte CD album includes a cover adorned with silver hot foil, a 24-page bilingual booklet with fold-out middle pages and a numbered origami slipcase.<\/p>\n<p>Caroline Lizotte gives us her interpretation of some of her most famous works: Raga for two harps, Suite Galactique for solo harp, La Madone berceuse for solo harp, as well as two world premiere recordings, Odyss\u00e9e for solo harp and Stellar Sonata for electroacoustic harp.<\/p>\n","protected":false},"excerpt":{"rendered":"<p>CD + Download:<br \/>\nCD + 24-page bilingual Deluxe Booklet with silver foil and numbered origami slipcase<br \/>\n+ Digital download + Digital booklet in pdf format<\/p>\n<p>Download:<br \/>\nDigital download + Digital booklet in pdf format<\/p>\n","protected":false},"featured_media":1030,"comment_status":"open","ping_status":"closed","template":"","meta":{"_et_pb_use_builder":"","_et_pb_old_content":"","_et_gb_content_width":""},"product_cat":[44],"product_tag":[],"class_list":["post-1104","product","type-product","status-publish","has-post-thumbnail","hentry","product_cat-caisse-mobile-en"],"yoast_head":"<!-- This site is optimized with the Yoast SEO plugin v22.0 - https:\/\/yoast.com\/wordpress\/plugins\/seo\/ -->\n<title>Lizotte Plays Lizotte - CD + download - Roug\u00e9bLeu\u00eb Productions<\/title>\n<meta name=\"description\" content=\"The Deluxe Lizotte plays Lizotte CD album includes a cover adorned with silver hot foil, a 24-page bilingual booklet with fold-out middle pages and a numbered origami slipcase.\" \/>\n<meta name=\"robots\" content=\"noindex, nofollow\" \/>\n<meta property=\"og:locale\" content=\"en_US\" \/>\n<meta property=\"og:type\" content=\"article\" \/>\n<meta property=\"og:title\" content=\"Lizotte Plays Lizotte - CD + download - Roug\u00e9bLeu\u00eb Productions\" \/>\n<meta property=\"og:description\" content=\"The Deluxe Lizotte plays Lizotte CD album includes a cover adorned with silver hot foil, a 24-page bilingual booklet with fold-out middle pages and a numbered origami slipcase.\" \/>\n<meta property=\"og:url\" content=\"https:\/\/rougebleue.com\/en\/product\/lizotte-plays-lizotte-copie-2\/\" \/>\n<meta property=\"og:site_name\" content=\"Roug\u00e9bLeu\u00eb Productions\" \/>\n<meta property=\"article:publisher\" content=\"https:\/\/www.facebook.com\/CarolineLizotteHarpist\/\" \/>\n<meta property=\"article:modified_time\" content=\"2025-04-07T18:03:49+00:00\" \/>\n<meta property=\"og:image\" content=\"https:\/\/rougebleue.com\/wp-content\/uploads\/2022\/01\/BOOKLET_BLUEIMG_web.jpg\" \/>\n\t<meta property=\"og:image:width\" content=\"1200\" \/>\n\t<meta property=\"og:image:height\" content=\"961\" \/>\n\t<meta property=\"og:image:type\" content=\"image\/jpeg\" \/>\n<meta name=\"twitter:card\" content=\"summary_large_image\" \/>\n<script type=\"application\/ld+json\" class=\"yoast-schema-graph\">{\"@context\":\"https:\/\/schema.org\",\"@graph\":[{\"@type\":\"WebPage\",\"@id\":\"https:\/\/rougebleue.com\/en\/product\/lizotte-plays-lizotte-copie-2\/\",\"url\":\"https:\/\/rougebleue.com\/en\/product\/lizotte-plays-lizotte-copie-2\/\",\"name\":\"Lizotte Plays Lizotte - CD + download - Roug\u00e9bLeu\u00eb Productions\",\"isPartOf\":{\"@id\":\"https:\/\/rougebleue.com\/en\/#website\"},\"datePublished\":\"2022-06-29T17:25:17+00:00\",\"dateModified\":\"2025-04-07T18:03:49+00:00\",\"description\":\"The Deluxe Lizotte plays Lizotte CD album includes a cover adorned with silver hot foil, a 24-page bilingual booklet with fold-out middle pages and a numbered origami slipcase.\",\"breadcrumb\":{\"@id\":\"https:\/\/rougebleue.com\/en\/product\/lizotte-plays-lizotte-copie-2\/#breadcrumb\"},\"inLanguage\":\"en-US\",\"potentialAction\":[{\"@type\":\"ReadAction\",\"target\":[\"https:\/\/rougebleue.com\/en\/product\/lizotte-plays-lizotte-copie-2\/\"]}]},{\"@type\":\"BreadcrumbList\",\"@id\":\"https:\/\/rougebleue.com\/en\/product\/lizotte-plays-lizotte-copie-2\/#breadcrumb\",\"itemListElement\":[{\"@type\":\"ListItem\",\"position\":1,\"name\":\"Home\",\"item\":\"https:\/\/rougebleue.com\/en\/\"},{\"@type\":\"ListItem\",\"position\":2,\"name\":\"Shop\",\"item\":\"https:\/\/rougebleue.com\/boutique\/\"},{\"@type\":\"ListItem\",\"position\":3,\"name\":\"Lizotte Plays Lizotte &#8211; CD + download\"}]},{\"@type\":\"WebSite\",\"@id\":\"https:\/\/rougebleue.com\/en\/#website\",\"url\":\"https:\/\/rougebleue.com\/en\/\",\"name\":\"Roug\u00e9bLeu\u00eb Productions\",\"description\":\"\u00c9tiquette de disque ind\u00e9pendante et maison de production qu\u00e9b\u00e9coise - Artistes: Caroline Lizotte, \u00c9tienne Ratth\u00e9\",\"potentialAction\":[{\"@type\":\"SearchAction\",\"target\":{\"@type\":\"EntryPoint\",\"urlTemplate\":\"https:\/\/rougebleue.com\/en\/?s={search_term_string}\"},\"query-input\":\"required name=search_term_string\"}],\"inLanguage\":\"en-US\"}]}<\/script>\n<!-- \/ Yoast SEO plugin. -->","yoast_head_json":{"title":"Lizotte Plays Lizotte - CD + download - Roug\u00e9bLeu\u00eb Productions","description":"The Deluxe Lizotte plays Lizotte CD album includes a cover adorned with silver hot foil, a 24-page bilingual booklet with fold-out middle pages and a numbered origami slipcase.","robots":{"index":"noindex","follow":"nofollow"},"og_locale":"en_US","og_type":"article","og_title":"Lizotte Plays Lizotte - CD + download - Roug\u00e9bLeu\u00eb Productions","og_description":"The Deluxe Lizotte plays Lizotte CD album includes a cover adorned with silver hot foil, a 24-page bilingual booklet with fold-out middle pages and a numbered origami slipcase.","og_url":"https:\/\/rougebleue.com\/en\/product\/lizotte-plays-lizotte-copie-2\/","og_site_name":"Roug\u00e9bLeu\u00eb Productions","article_publisher":"https:\/\/www.facebook.com\/CarolineLizotteHarpist\/","article_modified_time":"2025-04-07T18:03:49+00:00","og_image":[{"width":1200,"height":961,"url":"https:\/\/rougebleue.com\/wp-content\/uploads\/2022\/01\/BOOKLET_BLUEIMG_web.jpg","type":"image\/jpeg"}],"twitter_card":"summary_large_image","schema":{"@context":"https:\/\/schema.org","@graph":[{"@type":"WebPage","@id":"https:\/\/rougebleue.com\/en\/product\/lizotte-plays-lizotte-copie-2\/","url":"https:\/\/rougebleue.com\/en\/product\/lizotte-plays-lizotte-copie-2\/","name":"Lizotte Plays Lizotte - CD + download - Roug\u00e9bLeu\u00eb Productions","isPartOf":{"@id":"https:\/\/rougebleue.com\/en\/#website"},"datePublished":"2022-06-29T17:25:17+00:00","dateModified":"2025-04-07T18:03:49+00:00","description":"The Deluxe Lizotte plays Lizotte CD album includes a cover adorned with silver hot foil, a 24-page bilingual booklet with fold-out middle pages and a numbered origami slipcase.","breadcrumb":{"@id":"https:\/\/rougebleue.com\/en\/product\/lizotte-plays-lizotte-copie-2\/#breadcrumb"},"inLanguage":"en-US","potentialAction":[{"@type":"ReadAction","target":["https:\/\/rougebleue.com\/en\/product\/lizotte-plays-lizotte-copie-2\/"]}]},{"@type":"BreadcrumbList","@id":"https:\/\/rougebleue.com\/en\/product\/lizotte-plays-lizotte-copie-2\/#breadcrumb","itemListElement":[{"@type":"ListItem","position":1,"name":"Home","item":"https:\/\/rougebleue.com\/en\/"},{"@type":"ListItem","position":2,"name":"Shop","item":"https:\/\/rougebleue.com\/boutique\/"},{"@type":"ListItem","position":3,"name":"Lizotte Plays Lizotte &#8211; CD + download"}]},{"@type":"WebSite","@id":"https:\/\/rougebleue.com\/en\/#website","url":"https:\/\/rougebleue.com\/en\/","name":"Roug\u00e9bLeu\u00eb Productions","description":"\u00c9tiquette de disque ind\u00e9pendante et maison de production qu\u00e9b\u00e9coise - Artistes: Caroline Lizotte, \u00c9tienne Ratth\u00e9","potentialAction":[{"@type":"SearchAction","target":{"@type":"EntryPoint","urlTemplate":"https:\/\/rougebleue.com\/en\/?s={search_term_string}"},"query-input":"required name=search_term_string"}],"inLanguage":"en-US"}]}},"_links":{"self":[{"href":"https:\/\/rougebleue.com\/en\/wp-json\/wp\/v2\/product\/1104","targetHints":{"allow":["GET"]}}],"collection":[{"href":"https:\/\/rougebleue.com\/en\/wp-json\/wp\/v2\/product"}],"about":[{"href":"https:\/\/rougebleue.com\/en\/wp-json\/wp\/v2\/types\/product"}],"replies":[{"embeddable":true,"href":"https:\/\/rougebleue.com\/en\/wp-json\/wp\/v2\/comments?post=1104"}],"wp:featuredmedia":[{"embeddable":true,"href":"https:\/\/rougebleue.com\/en\/wp-json\/wp\/v2\/media\/1030"}],"wp:attachment":[{"href":"https:\/\/rougebleue.com\/en\/wp-json\/wp\/v2\/media?parent=1104"}],"wp:term":[{"taxonomy":"product_cat","embeddable":true,"href":"https:\/\/rougebleue.com\/en\/wp-json\/wp\/v2\/product_cat?post=1104"},{"taxonomy":"product_tag","embeddable":true,"href":"https:\/\/rougebleue.com\/en\/wp-json\/wp\/v2\/product_tag?post=1104"}],"curies":[{"name":"wp","href":"https:\/\/api.w.org\/{rel}","templated":true}]}}