{"id":816,"date":"2022-03-06T17:48:17","date_gmt":"2022-03-06T22:48:17","guid":{"rendered":"https:\/\/rougebleue.com\/shop\/"},"modified":"2023-05-25T17:11:58","modified_gmt":"2023-05-25T21:11:58","slug":"shop","status":"publish","type":"page","link":"https:\/\/rougebleue.com\/en\/shop\/","title":{"rendered":"Shop"},"content":{"rendered":"<p>[et_pb_section fb_built=&#8221;1&#8243; _builder_version=&#8221;4.16&#8243; _module_preset=&#8221;default&#8221; global_colors_info=&#8221;{}&#8221;][et_pb_row _builder_version=&#8221;4.16&#8243; _module_preset=&#8221;default&#8221; global_colors_info=&#8221;{}&#8221;][et_pb_column type=&#8221;4_4&#8243; _builder_version=&#8221;4.16&#8243; _module_preset=&#8221;default&#8221; global_colors_info=&#8221;{}&#8221;][et_pb_shop type=&#8221;product_category&#8221; posts_number=&#8221;1&#8243; include_categories=&#8221;39&#8243; columns_number=&#8221;3&#8243; _builder_version=&#8221;4.16&#8243; _module_preset=&#8221;default&#8221; global_colors_info=&#8221;{}&#8221;][\/et_pb_shop][\/et_pb_column][\/et_pb_row][\/et_pb_section]<\/p>\n","protected":false},"excerpt":{"rendered":"","protected":false},"author":5,"featured_media":726,"parent":0,"menu_order":0,"comment_status":"closed","ping_status":"closed","template":"","meta":{"_et_pb_use_builder":"on","_et_pb_old_content":"","_et_gb_content_width":"","footnotes":""},"class_list":["post-816","page","type-page","status-publish","has-post-thumbnail","hentry"],"yoast_head":"<!-- This site is optimized with the Yoast SEO plugin v22.0 - https:\/\/yoast.com\/wordpress\/plugins\/seo\/ -->\n<title>Shop - Roug\u00e9bLeu\u00eb Productions<\/title>\n<meta name=\"description\" content=\"Lizotte Plays LizotteCD + Download:CD + 24-page bilingual Deluxe Booklet with silver foil and numbered origami slipcase+ Digital download + Digital booklet in pdf format\" \/>\n<meta name=\"robots\" content=\"index, follow, max-snippet:-1, max-image-preview:large, max-video-preview:-1\" \/>\n<link rel=\"canonical\" href=\"https:\/\/rougebleue.com\/en\/shop\/\" \/>\n<meta property=\"og:locale\" content=\"en_US\" \/>\n<meta property=\"og:type\" content=\"article\" \/>\n<meta property=\"og:title\" content=\"Shop - Roug\u00e9bLeu\u00eb Productions\" \/>\n<meta property=\"og:description\" content=\"Lizotte Plays LizotteCD + Download:CD + 24-page bilingual Deluxe Booklet with silver foil and numbered origami slipcase+ Digital download + Digital booklet in pdf format\" \/>\n<meta property=\"og:url\" content=\"https:\/\/rougebleue.com\/en\/shop\/\" \/>\n<meta property=\"og:site_name\" content=\"Roug\u00e9bLeu\u00eb Productions\" \/>\n<meta property=\"article:publisher\" content=\"https:\/\/www.facebook.com\/CarolineLizotteHarpist\/\" \/>\n<meta property=\"article:modified_time\" content=\"2023-05-25T21:11:58+00:00\" \/>\n<meta property=\"og:image\" content=\"https:\/\/rougebleue.com\/wp-content\/uploads\/2021\/12\/lizotte_header_complete.jpg\" \/>\n\t<meta property=\"og:image:width\" content=\"1920\" \/>\n\t<meta property=\"og:image:height\" content=\"980\" \/>\n\t<meta property=\"og:image:type\" content=\"image\/jpeg\" \/>\n<meta name=\"twitter:card\" content=\"summary_large_image\" \/>\n<script type=\"application\/ld+json\" class=\"yoast-schema-graph\">{\"@context\":\"https:\/\/schema.org\",\"@graph\":[{\"@type\":\"WebPage\",\"@id\":\"https:\/\/rougebleue.com\/en\/shop\/\",\"url\":\"https:\/\/rougebleue.com\/en\/shop\/\",\"name\":\"Shop - Roug\u00e9bLeu\u00eb Productions\",\"isPartOf\":{\"@id\":\"https:\/\/rougebleue.com\/en\/#website\"},\"datePublished\":\"2022-03-06T22:48:17+00:00\",\"dateModified\":\"2023-05-25T21:11:58+00:00\",\"description\":\"Lizotte Plays LizotteCD + Download:CD + 24-page bilingual Deluxe Booklet with silver foil and numbered origami slipcase+ Digital download + Digital booklet in pdf format\",\"breadcrumb\":{\"@id\":\"https:\/\/rougebleue.com\/en\/shop\/#breadcrumb\"},\"inLanguage\":\"en-US\",\"potentialAction\":[{\"@type\":\"ReadAction\",\"target\":[\"https:\/\/rougebleue.com\/en\/shop\/\"]}]},{\"@type\":\"BreadcrumbList\",\"@id\":\"https:\/\/rougebleue.com\/en\/shop\/#breadcrumb\",\"itemListElement\":[{\"@type\":\"ListItem\",\"position\":1,\"name\":\"Home\",\"item\":\"https:\/\/rougebleue.com\/en\/\"},{\"@type\":\"ListItem\",\"position\":2,\"name\":\"Shop\"}]},{\"@type\":\"WebSite\",\"@id\":\"https:\/\/rougebleue.com\/en\/#website\",\"url\":\"https:\/\/rougebleue.com\/en\/\",\"name\":\"Roug\u00e9bLeu\u00eb Productions\",\"description\":\"\u00c9tiquette de disque ind\u00e9pendante et maison de production qu\u00e9b\u00e9coise - Artistes: Caroline Lizotte, \u00c9tienne Ratth\u00e9\",\"potentialAction\":[{\"@type\":\"SearchAction\",\"target\":{\"@type\":\"EntryPoint\",\"urlTemplate\":\"https:\/\/rougebleue.com\/en\/?s={search_term_string}\"},\"query-input\":\"required name=search_term_string\"}],\"inLanguage\":\"en-US\"}]}<\/script>\n<!-- \/ Yoast SEO plugin. -->","yoast_head_json":{"title":"Shop - Roug\u00e9bLeu\u00eb Productions","description":"Lizotte Plays LizotteCD + Download:CD + 24-page bilingual Deluxe Booklet with silver foil and numbered origami slipcase+ Digital download + Digital booklet in pdf format","robots":{"index":"index","follow":"follow","max-snippet":"max-snippet:-1","max-image-preview":"max-image-preview:large","max-video-preview":"max-video-preview:-1"},"canonical":"https:\/\/rougebleue.com\/en\/shop\/","og_locale":"en_US","og_type":"article","og_title":"Shop - Roug\u00e9bLeu\u00eb Productions","og_description":"Lizotte Plays LizotteCD + Download:CD + 24-page bilingual Deluxe Booklet with silver foil and numbered origami slipcase+ Digital download + Digital booklet in pdf format","og_url":"https:\/\/rougebleue.com\/en\/shop\/","og_site_name":"Roug\u00e9bLeu\u00eb Productions","article_publisher":"https:\/\/www.facebook.com\/CarolineLizotteHarpist\/","article_modified_time":"2023-05-25T21:11:58+00:00","og_image":[{"width":1920,"height":980,"url":"https:\/\/rougebleue.com\/wp-content\/uploads\/2021\/12\/lizotte_header_complete.jpg","type":"image\/jpeg"}],"twitter_card":"summary_large_image","schema":{"@context":"https:\/\/schema.org","@graph":[{"@type":"WebPage","@id":"https:\/\/rougebleue.com\/en\/shop\/","url":"https:\/\/rougebleue.com\/en\/shop\/","name":"Shop - Roug\u00e9bLeu\u00eb Productions","isPartOf":{"@id":"https:\/\/rougebleue.com\/en\/#website"},"datePublished":"2022-03-06T22:48:17+00:00","dateModified":"2023-05-25T21:11:58+00:00","description":"Lizotte Plays LizotteCD + Download:CD + 24-page bilingual Deluxe Booklet with silver foil and numbered origami slipcase+ Digital download + Digital booklet in pdf format","breadcrumb":{"@id":"https:\/\/rougebleue.com\/en\/shop\/#breadcrumb"},"inLanguage":"en-US","potentialAction":[{"@type":"ReadAction","target":["https:\/\/rougebleue.com\/en\/shop\/"]}]},{"@type":"BreadcrumbList","@id":"https:\/\/rougebleue.com\/en\/shop\/#breadcrumb","itemListElement":[{"@type":"ListItem","position":1,"name":"Home","item":"https:\/\/rougebleue.com\/en\/"},{"@type":"ListItem","position":2,"name":"Shop"}]},{"@type":"WebSite","@id":"https:\/\/rougebleue.com\/en\/#website","url":"https:\/\/rougebleue.com\/en\/","name":"Roug\u00e9bLeu\u00eb Productions","description":"\u00c9tiquette de disque ind\u00e9pendante et maison de production qu\u00e9b\u00e9coise - Artistes: Caroline Lizotte, \u00c9tienne Ratth\u00e9","potentialAction":[{"@type":"SearchAction","target":{"@type":"EntryPoint","urlTemplate":"https:\/\/rougebleue.com\/en\/?s={search_term_string}"},"query-input":"required name=search_term_string"}],"inLanguage":"en-US"}]}},"_links":{"self":[{"href":"https:\/\/rougebleue.com\/en\/wp-json\/wp\/v2\/pages\/816","targetHints":{"allow":["GET"]}}],"collection":[{"href":"https:\/\/rougebleue.com\/en\/wp-json\/wp\/v2\/pages"}],"about":[{"href":"https:\/\/rougebleue.com\/en\/wp-json\/wp\/v2\/types\/page"}],"author":[{"embeddable":true,"href":"https:\/\/rougebleue.com\/en\/wp-json\/wp\/v2\/users\/5"}],"replies":[{"embeddable":true,"href":"https:\/\/rougebleue.com\/en\/wp-json\/wp\/v2\/comments?post=816"}],"version-history":[{"count":2,"href":"https:\/\/rougebleue.com\/en\/wp-json\/wp\/v2\/pages\/816\/revisions"}],"predecessor-version":[{"id":1458,"href":"https:\/\/rougebleue.com\/en\/wp-json\/wp\/v2\/pages\/816\/revisions\/1458"}],"wp:featuredmedia":[{"embeddable":true,"href":"https:\/\/rougebleue.com\/en\/wp-json\/wp\/v2\/media\/726"}],"wp:attachment":[{"href":"https:\/\/rougebleue.com\/en\/wp-json\/wp\/v2\/media?parent=816"}],"curies":[{"name":"wp","href":"https:\/\/api.w.org\/{rel}","templated":true}]}}