{"id":809,"date":"2022-03-06T17:43:36","date_gmt":"2022-03-06T22:43:36","guid":{"rendered":"https:\/\/rougebleue.com\/?page_id=809"},"modified":"2024-07-17T20:51:08","modified_gmt":"2024-07-18T00:51:08","slug":"gallery","status":"publish","type":"page","link":"https:\/\/rougebleue.com\/en\/gallery\/","title":{"rendered":"Gallery"},"content":{"rendered":"<p>[et_pb_section fb_built=&#8221;1&#8243; _builder_version=&#8221;4.16&#8243; _module_preset=&#8221;default&#8221; background_color=&#8221;#000000&#8243; background_enable_image=&#8221;off&#8221; background_blend=&#8221;multiply&#8221; custom_padding=&#8221;19px|||||&#8221; global_colors_info=&#8221;{}&#8221;][et_pb_row _builder_version=&#8221;4.16&#8243; _module_preset=&#8221;default&#8221; width=&#8221;100%&#8221; max_width=&#8221;50%&#8221; max_width_tablet=&#8221;50%&#8221; max_width_phone=&#8221;80%&#8221; max_width_last_edited=&#8221;on|phone&#8221; custom_padding=&#8221;58px||4px|||&#8221; global_colors_info=&#8221;{}&#8221;][et_pb_column type=&#8221;4_4&#8243; _builder_version=&#8221;4.16&#8243; _module_preset=&#8221;default&#8221; global_colors_info=&#8221;{}&#8221;][et_pb_post_title meta=&#8221;off&#8221; featured_image=&#8221;off&#8221; _builder_version=&#8221;4.16&#8243; _module_preset=&#8221;default&#8221; title_text_color=&#8221;#FFFFFF&#8221; title_font_size=&#8221;30px&#8221; title_letter_spacing=&#8221;1px&#8221; global_colors_info=&#8221;{}&#8221;][\/et_pb_post_title][\/et_pb_column][\/et_pb_row][et_pb_row use_custom_gutter=&#8221;on&#8221; gutter_width=&#8221;1&#8243; _builder_version=&#8221;4.16&#8243; _module_preset=&#8221;default&#8221; width=&#8221;100%&#8221; max_width=&#8221;50%&#8221; max_width_tablet=&#8221;50%&#8221; max_width_phone=&#8221;80%&#8221; max_width_last_edited=&#8221;on|phone&#8221; custom_padding=&#8221;19px|||||&#8221; global_colors_info=&#8221;{}&#8221;][et_pb_column type=&#8221;4_4&#8243; _builder_version=&#8221;4.16&#8243; _module_preset=&#8221;default&#8221; global_colors_info=&#8221;{}&#8221;][et_pb_gallery gallery_ids=&#8221;754,755,756,757,758,759,760,761,762,763,764,765,766&#8243; posts_number=&#8221;12&#8243; show_title_and_caption=&#8221;off&#8221; show_pagination=&#8221;off&#8221; zoom_icon_color=&#8221;#1b75bc&#8221; hover_overlay_color=&#8221;rgba(0,0,0,0.66)&#8221; _builder_version=&#8221;4.16&#8243; _module_preset=&#8221;default&#8221; global_colors_info=&#8221;{}&#8221;][\/et_pb_gallery][et_pb_text _builder_version=&#8221;4.16&#8243; _module_preset=&#8221;default&#8221; text_text_color=&#8221;#FFFFFF&#8221; text_font_size=&#8221;14px&#8221; custom_margin=&#8221;8px||||false|false&#8221; global_colors_info=&#8221;{}&#8221;]Photo credit\u00a0: Marie-Claude Sauv\u00e9[\/et_pb_text][\/et_pb_column][\/et_pb_row][\/et_pb_section]<\/p>\n","protected":false},"excerpt":{"rendered":"<p>Photo credit\u00a0: Marie-Claude Sauv\u00e9<\/p>\n","protected":false},"author":5,"featured_media":758,"parent":0,"menu_order":0,"comment_status":"closed","ping_status":"closed","template":"","meta":{"_et_pb_use_builder":"on","_et_pb_old_content":"","_et_gb_content_width":"","footnotes":""},"class_list":["post-809","page","type-page","status-publish","has-post-thumbnail","hentry"],"yoast_head":"<!-- This site is optimized with the Yoast SEO plugin v22.0 - https:\/\/yoast.com\/wordpress\/plugins\/seo\/ -->\n<title>Gallery - Roug\u00e9bLeu\u00eb Productions<\/title>\n<meta name=\"description\" content=\"Photo gallery of \u00c9tienne Ratth\u00e9 and harpist-composer Caroline Lizotte, Roug\u00e9bLeu\u00eb Productions\" \/>\n<meta name=\"robots\" content=\"index, follow, max-snippet:-1, max-image-preview:large, max-video-preview:-1\" \/>\n<link rel=\"canonical\" href=\"https:\/\/rougebleue.com\/en\/gallery\/\" \/>\n<meta property=\"og:locale\" content=\"en_US\" \/>\n<meta property=\"og:type\" content=\"article\" \/>\n<meta property=\"og:title\" content=\"Gallery - Roug\u00e9bLeu\u00eb Productions\" \/>\n<meta property=\"og:description\" content=\"Photo gallery of \u00c9tienne Ratth\u00e9 and harpist-composer Caroline Lizotte, Roug\u00e9bLeu\u00eb Productions\" \/>\n<meta property=\"og:url\" content=\"https:\/\/rougebleue.com\/en\/gallery\/\" \/>\n<meta property=\"og:site_name\" content=\"Roug\u00e9bLeu\u00eb Productions\" \/>\n<meta property=\"article:publisher\" content=\"https:\/\/www.facebook.com\/CarolineLizotteHarpist\/\" \/>\n<meta property=\"article:modified_time\" content=\"2024-07-18T00:51:08+00:00\" \/>\n<meta property=\"og:image\" content=\"https:\/\/rougebleue.com\/wp-content\/uploads\/2022\/01\/good_4292_caro_etienne_sepia.jpg\" \/>\n\t<meta property=\"og:image:width\" content=\"1200\" \/>\n\t<meta property=\"og:image:height\" content=\"800\" \/>\n\t<meta property=\"og:image:type\" content=\"image\/jpeg\" \/>\n<meta name=\"twitter:card\" content=\"summary_large_image\" \/>\n<script type=\"application\/ld+json\" class=\"yoast-schema-graph\">{\"@context\":\"https:\/\/schema.org\",\"@graph\":[{\"@type\":\"WebPage\",\"@id\":\"https:\/\/rougebleue.com\/en\/gallery\/\",\"url\":\"https:\/\/rougebleue.com\/en\/gallery\/\",\"name\":\"Gallery - Roug\u00e9bLeu\u00eb Productions\",\"isPartOf\":{\"@id\":\"https:\/\/rougebleue.com\/en\/#website\"},\"datePublished\":\"2022-03-06T22:43:36+00:00\",\"dateModified\":\"2024-07-18T00:51:08+00:00\",\"description\":\"Photo gallery of \u00c9tienne Ratth\u00e9 and harpist-composer Caroline Lizotte, Roug\u00e9bLeu\u00eb Productions\",\"breadcrumb\":{\"@id\":\"https:\/\/rougebleue.com\/en\/gallery\/#breadcrumb\"},\"inLanguage\":\"en-US\",\"potentialAction\":[{\"@type\":\"ReadAction\",\"target\":[\"https:\/\/rougebleue.com\/en\/gallery\/\"]}]},{\"@type\":\"BreadcrumbList\",\"@id\":\"https:\/\/rougebleue.com\/en\/gallery\/#breadcrumb\",\"itemListElement\":[{\"@type\":\"ListItem\",\"position\":1,\"name\":\"Home\",\"item\":\"https:\/\/rougebleue.com\/en\/\"},{\"@type\":\"ListItem\",\"position\":2,\"name\":\"Gallery\"}]},{\"@type\":\"WebSite\",\"@id\":\"https:\/\/rougebleue.com\/en\/#website\",\"url\":\"https:\/\/rougebleue.com\/en\/\",\"name\":\"Roug\u00e9bLeu\u00eb Productions\",\"description\":\"\u00c9tiquette de disque ind\u00e9pendante et maison de production qu\u00e9b\u00e9coise - Artistes: Caroline Lizotte, \u00c9tienne Ratth\u00e9\",\"potentialAction\":[{\"@type\":\"SearchAction\",\"target\":{\"@type\":\"EntryPoint\",\"urlTemplate\":\"https:\/\/rougebleue.com\/en\/?s={search_term_string}\"},\"query-input\":\"required name=search_term_string\"}],\"inLanguage\":\"en-US\"}]}<\/script>\n<!-- \/ Yoast SEO plugin. -->","yoast_head_json":{"title":"Gallery - Roug\u00e9bLeu\u00eb Productions","description":"Photo gallery of \u00c9tienne Ratth\u00e9 and harpist-composer Caroline Lizotte, Roug\u00e9bLeu\u00eb Productions","robots":{"index":"index","follow":"follow","max-snippet":"max-snippet:-1","max-image-preview":"max-image-preview:large","max-video-preview":"max-video-preview:-1"},"canonical":"https:\/\/rougebleue.com\/en\/gallery\/","og_locale":"en_US","og_type":"article","og_title":"Gallery - Roug\u00e9bLeu\u00eb Productions","og_description":"Photo gallery of \u00c9tienne Ratth\u00e9 and harpist-composer Caroline Lizotte, Roug\u00e9bLeu\u00eb Productions","og_url":"https:\/\/rougebleue.com\/en\/gallery\/","og_site_name":"Roug\u00e9bLeu\u00eb Productions","article_publisher":"https:\/\/www.facebook.com\/CarolineLizotteHarpist\/","article_modified_time":"2024-07-18T00:51:08+00:00","og_image":[{"width":1200,"height":800,"url":"https:\/\/rougebleue.com\/wp-content\/uploads\/2022\/01\/good_4292_caro_etienne_sepia.jpg","type":"image\/jpeg"}],"twitter_card":"summary_large_image","schema":{"@context":"https:\/\/schema.org","@graph":[{"@type":"WebPage","@id":"https:\/\/rougebleue.com\/en\/gallery\/","url":"https:\/\/rougebleue.com\/en\/gallery\/","name":"Gallery - Roug\u00e9bLeu\u00eb Productions","isPartOf":{"@id":"https:\/\/rougebleue.com\/en\/#website"},"datePublished":"2022-03-06T22:43:36+00:00","dateModified":"2024-07-18T00:51:08+00:00","description":"Photo gallery of \u00c9tienne Ratth\u00e9 and harpist-composer Caroline Lizotte, Roug\u00e9bLeu\u00eb Productions","breadcrumb":{"@id":"https:\/\/rougebleue.com\/en\/gallery\/#breadcrumb"},"inLanguage":"en-US","potentialAction":[{"@type":"ReadAction","target":["https:\/\/rougebleue.com\/en\/gallery\/"]}]},{"@type":"BreadcrumbList","@id":"https:\/\/rougebleue.com\/en\/gallery\/#breadcrumb","itemListElement":[{"@type":"ListItem","position":1,"name":"Home","item":"https:\/\/rougebleue.com\/en\/"},{"@type":"ListItem","position":2,"name":"Gallery"}]},{"@type":"WebSite","@id":"https:\/\/rougebleue.com\/en\/#website","url":"https:\/\/rougebleue.com\/en\/","name":"Roug\u00e9bLeu\u00eb Productions","description":"\u00c9tiquette de disque ind\u00e9pendante et maison de production qu\u00e9b\u00e9coise - Artistes: Caroline Lizotte, \u00c9tienne Ratth\u00e9","potentialAction":[{"@type":"SearchAction","target":{"@type":"EntryPoint","urlTemplate":"https:\/\/rougebleue.com\/en\/?s={search_term_string}"},"query-input":"required name=search_term_string"}],"inLanguage":"en-US"}]}},"_links":{"self":[{"href":"https:\/\/rougebleue.com\/en\/wp-json\/wp\/v2\/pages\/809","targetHints":{"allow":["GET"]}}],"collection":[{"href":"https:\/\/rougebleue.com\/en\/wp-json\/wp\/v2\/pages"}],"about":[{"href":"https:\/\/rougebleue.com\/en\/wp-json\/wp\/v2\/types\/page"}],"author":[{"embeddable":true,"href":"https:\/\/rougebleue.com\/en\/wp-json\/wp\/v2\/users\/5"}],"replies":[{"embeddable":true,"href":"https:\/\/rougebleue.com\/en\/wp-json\/wp\/v2\/comments?post=809"}],"version-history":[{"count":7,"href":"https:\/\/rougebleue.com\/en\/wp-json\/wp\/v2\/pages\/809\/revisions"}],"predecessor-version":[{"id":1594,"href":"https:\/\/rougebleue.com\/en\/wp-json\/wp\/v2\/pages\/809\/revisions\/1594"}],"wp:featuredmedia":[{"embeddable":true,"href":"https:\/\/rougebleue.com\/en\/wp-json\/wp\/v2\/media\/758"}],"wp:attachment":[{"href":"https:\/\/rougebleue.com\/en\/wp-json\/wp\/v2\/media?parent=809"}],"curies":[{"name":"wp","href":"https:\/\/api.w.org\/{rel}","templated":true}]}}