{"id":792,"date":"2022-03-06T17:07:49","date_gmt":"2022-03-06T22:07:49","guid":{"rendered":"https:\/\/rougebleue.com\/?page_id=792"},"modified":"2023-05-25T17:22:03","modified_gmt":"2023-05-25T21:22:03","slug":"home","status":"publish","type":"page","link":"https:\/\/rougebleue.com\/en\/","title":{"rendered":"Home"},"content":{"rendered":"<p>[et_pb_section fb_built=&#8221;1&#8243; disabled_on=&#8221;on|off|off&#8221; _builder_version=&#8221;4.16&#8243; _module_preset=&#8221;default&#8221; background_image=&#8221;https:\/\/rougebleue.com\/wp-content\/uploads\/2021\/12\/lizotte_header.jpg&#8221; custom_padding=&#8221;4px|||||&#8221; custom_css_main_element=&#8221;min-height: 100vh;&#8221; global_colors_info=&#8221;{}&#8221;][et_pb_row column_structure=&#8221;1_2,1_2&#8243; _builder_version=&#8221;4.16&#8243; _module_preset=&#8221;default&#8221; width=&#8221;100%&#8221; max_width=&#8221;77%&#8221; global_colors_info=&#8221;{}&#8221;][et_pb_column type=&#8221;1_2&#8243; _builder_version=&#8221;4.16&#8243; _module_preset=&#8221;default&#8221; global_colors_info=&#8221;{}&#8221;][et_pb_image src=&#8221;https:\/\/rougebleue.com\/wp-content\/uploads\/2021\/12\/logo_album.png&#8221; title_text=&#8221;logo_album&#8221; _builder_version=&#8221;4.16&#8243; _module_preset=&#8221;default&#8221; global_colors_info=&#8221;{}&#8221;][\/et_pb_image][\/et_pb_column][et_pb_column type=&#8221;1_2&#8243; _builder_version=&#8221;4.16&#8243; _module_preset=&#8221;default&#8221; global_colors_info=&#8221;{}&#8221;][\/et_pb_column][\/et_pb_row][et_pb_row column_structure=&#8221;1_2,1_2&#8243; _builder_version=&#8221;4.16&#8243; _module_preset=&#8221;default&#8221; width=&#8221;100%&#8221; max_width=&#8221;82%&#8221; custom_padding=&#8221;37px|||||&#8221; global_colors_info=&#8221;{}&#8221;][et_pb_column type=&#8221;1_2&#8243; _builder_version=&#8221;4.16&#8243; _module_preset=&#8221;default&#8221; global_colors_info=&#8221;{}&#8221;][et_pb_text disabled_on=&#8221;off|off|off&#8221; admin_label=&#8221;Text&#8221; _builder_version=&#8221;4.16&#8243; _module_preset=&#8221;default&#8221; text_font=&#8221;|||on|||||&#8221; text_text_color=&#8221;#FFFFFF&#8221; text_font_size=&#8221;23px&#8221; text_letter_spacing=&#8221;2px&#8221; text_line_height=&#8221;1.4em&#8221; link_text_color=&#8221;#FFFFFF&#8221; custom_padding=&#8221;|||74px|false|false&#8221; link_option_url=&#8221;https:\/\/rougebleue.com\/en\/product\/lizotte-plays-lizotte\/&#8221; global_colors_info=&#8221;{}&#8221;]<\/p>\n<p><a href=\"https:\/\/rougebleue.com\/en\/product\/lizotte-plays-lizotte\/\"> ALBUM ON SALE NOW <\/a><\/p>\n<p>[\/et_pb_text][et_pb_button button_url=&#8221;https:\/\/rougebleue.com\/en\/product\/lizotte-plays-lizotte\/&#8221; button_text=&#8221;BUY THE ALBUM&#8221; button_alignment=&#8221;left&#8221; disabled_on=&#8221;off|off|off&#8221; admin_label=&#8221;Button&#8221; _builder_version=&#8221;4.16&#8243; _module_preset=&#8221;default&#8221; custom_button=&#8221;on&#8221; button_text_size=&#8221;18px&#8221; button_text_color=&#8221;#cc1414&#8243; button_icon=&#8221;&#x24;||divi||400&#8243; custom_margin=&#8221;|||74px|false|false&#8221; global_colors_info=&#8221;{}&#8221;][\/et_pb_button][et_pb_text disabled_on=&#8221;on|on|on&#8221; admin_label=&#8221;Text&#8221; _builder_version=&#8221;4.16&#8243; _module_preset=&#8221;default&#8221; text_font=&#8221;|||on|||||&#8221; text_text_color=&#8221;#FFFFFF&#8221; text_font_size=&#8221;23px&#8221; text_letter_spacing=&#8221;2px&#8221; text_line_height=&#8221;1.4em&#8221; custom_padding=&#8221;|||74px|false|false&#8221; link_option_url=&#8221;https:\/\/rougebleue.com\/wp-content\/uploads\/2022\/03\/Lizotte_PRESS_RELEASE.pdf&#8221; link_option_url_new_window=&#8221;on&#8221; disabled=&#8221;on&#8221; global_colors_info=&#8221;{}&#8221;]<\/p>\n<p>Press release \u2192<\/p>\n<p>[\/et_pb_text][\/et_pb_column][et_pb_column type=&#8221;1_2&#8243; _builder_version=&#8221;4.16&#8243; _module_preset=&#8221;default&#8221; global_colors_info=&#8221;{}&#8221;][et_pb_image src=&#8221;https:\/\/rougebleue.com\/wp-content\/uploads\/2021\/12\/Lizotte-Harpiste.png&#8221; title_text=&#8221;Lizotte-Harpiste&#8221; align=&#8221;right&#8221; _builder_version=&#8221;4.16&#8243; _module_preset=&#8221;default&#8221; width=&#8221;83%&#8221; custom_margin=&#8221;90px||||false|false&#8221; global_colors_info=&#8221;{}&#8221;][\/et_pb_image][\/et_pb_column][\/et_pb_row][\/et_pb_section][et_pb_section fb_built=&#8221;1&#8243; disabled_on=&#8221;off|on|on&#8221; admin_label=&#8221;Mobile&#8221; _builder_version=&#8221;4.16&#8243; _module_preset=&#8221;default&#8221; background_enable_image=&#8221;off&#8221; custom_padding=&#8221;0px||0px|||&#8221; global_colors_info=&#8221;{}&#8221;][et_pb_row _builder_version=&#8221;4.16&#8243; _module_preset=&#8221;default&#8221; width=&#8221;100%&#8221; custom_margin=&#8221;0px||||false|false&#8221; custom_padding=&#8221;0px||||false|false&#8221; global_colors_info=&#8221;{}&#8221;][et_pb_column type=&#8221;4_4&#8243; _builder_version=&#8221;4.16&#8243; _module_preset=&#8221;default&#8221; global_colors_info=&#8221;{}&#8221;][et_pb_image src=&#8221;https:\/\/rougebleue.com\/wp-content\/uploads\/2022\/01\/album_cover.jpg&#8221; title_text=&#8221;album_cover&#8221; _builder_version=&#8221;4.16&#8243; _module_preset=&#8221;default&#8221; custom_margin=&#8221;||-39px|||&#8221; global_colors_info=&#8221;{}&#8221;][\/et_pb_image][\/et_pb_column][\/et_pb_row][\/et_pb_section][et_pb_section fb_built=&#8221;1&#8243; _builder_version=&#8221;4.16&#8243; _module_preset=&#8221;default&#8221; background_color=&#8221;#000000&#8243; custom_padding=&#8221;4px||2px|||&#8221; border_width_top=&#8221;1px&#8221; border_color_top=&#8221;#cc1414&#8243; border_width_bottom=&#8221;1px&#8221; border_color_bottom=&#8221;#1b75bc&#8221; global_colors_info=&#8221;{}&#8221;][et_pb_row _builder_version=&#8221;4.21.0&#8243; _module_preset=&#8221;default&#8221; width=&#8221;100%&#8221; max_width=&#8221;80%&#8221; border_width_bottom=&#8221;1px&#8221; border_color_bottom=&#8221;#4f4f4f&#8221; global_colors_info=&#8221;{}&#8221;][et_pb_column type=&#8221;4_4&#8243; _builder_version=&#8221;4.16&#8243; _module_preset=&#8221;default&#8221; global_colors_info=&#8221;{}&#8221;][et_pb_text _builder_version=&#8221;4.16&#8243; _module_preset=&#8221;default&#8221; text_font=&#8221;||on||||||&#8221; text_text_color=&#8221;#FFFFFF&#8221; text_line_height=&#8221;2em&#8221; link_text_color=&#8221;#FFFFFF&#8221; header_5_font=&#8221;|600|||||||&#8221; header_5_text_color=&#8221;#FFFFFF&#8221; header_5_font_size=&#8221;14px&#8221; text_orientation=&#8221;center&#8221; custom_margin=&#8221;||12px||false|false&#8221; link_option_url=&#8221;https:\/\/rougebleue.com\/wp-content\/uploads\/2022\/05\/Critique_Album_Caroline_Lizotte_PanM360.pdf&#8221; link_option_url_new_window=&#8221;on&#8221; global_colors_info=&#8221;{}&#8221;]<\/p>\n<p>Lizotte Plays Lizotte &#8211; Ten stars!<\/p>\n<p>[\/et_pb_text][et_pb_image src=&#8221;https:\/\/rougebleue.com\/wp-content\/uploads\/2023\/02\/10-stars.png&#8221; title_text=&#8221;10-stars&#8221; align=&#8221;center&#8221; _builder_version=&#8221;4.16&#8243; _module_preset=&#8221;default&#8221; width=&#8221;22%&#8221; custom_margin=&#8221;||65px||false|false&#8221; global_colors_info=&#8221;{}&#8221;][\/et_pb_image][et_pb_text _builder_version=&#8221;4.16&#8243; _module_preset=&#8221;default&#8221; text_font=&#8221;||on||||||&#8221; text_text_color=&#8221;#FFFFFF&#8221; text_line_height=&#8221;2em&#8221; link_text_color=&#8221;#FFFFFF&#8221; header_5_font=&#8221;|600|||||||&#8221; header_5_text_color=&#8221;#FFFFFF&#8221; header_5_font_size=&#8221;14px&#8221; text_orientation=&#8221;center&#8221; custom_margin=&#8221;||12px||false|false&#8221; link_option_url=&#8221;https:\/\/rougebleue.com\/en\/harp-column-2023\/&#8221; link_option_url_new_window=&#8221;on&#8221; global_colors_info=&#8221;{}&#8221;]<\/p>\n<h5>Alison Young &#8211; Harp Column<\/h5>\n<p><a href=\"https:\/\/harpcolumn.com\/blog\/article\/lizotte-plays-lizotte\/\" target=\"_blank\" rel=\"noopener\">Read the review \u2192<\/a><\/p>\n<p>[\/et_pb_text][\/et_pb_column][\/et_pb_row][et_pb_row _builder_version=&#8221;4.21.0&#8243; _module_preset=&#8221;default&#8221; width=&#8221;100%&#8221; max_width=&#8221;80%&#8221; custom_padding=&#8221;49px|||||&#8221; global_colors_info=&#8221;{}&#8221;][et_pb_column type=&#8221;4_4&#8243; _builder_version=&#8221;4.21.0&#8243; _module_preset=&#8221;default&#8221; global_colors_info=&#8221;{}&#8221;][et_pb_text _builder_version=&#8221;4.21.0&#8243; _module_preset=&#8221;default&#8221; text_text_color=&#8221;#FFFFFF&#8221; text_line_height=&#8221;1.8em&#8221; header_5_font=&#8221;||on||||||&#8221; header_5_text_color=&#8221;#FFFFFF&#8221; text_orientation=&#8221;center&#8221; link_option_url=&#8221;https:\/\/rougebleue.com\/en\/caroline-lizotte-lizotte-plays-joue-lizotte\/&#8221; hover_enabled=&#8221;0&#8243; global_colors_info=&#8221;{}&#8221; sticky_enabled=&#8221;0&#8243;]<\/p>\n<p>\u00ab <span>Her Stellar Sonata, opus 51 for electroacoustic harp showcases her exceptional skill and artistry<\/span> [\u2026] <span>The instrument acquires a surprising, seemingly natural \u201cdepth of field\u201d striking a perfect balance between electric and acoustic sound<\/span>\u00a0[\u2026] <span>Odyss\u00e9e and La Madone are good examples of Caroline\u2019s originality as a composer and her virtuosity as a musician<\/span>\u00a0[\u2026] <span>This is a splendid and impressive album revealing the heart of the composer and her instrument.<\/span>\u00a0\u00bb<\/p>\n<p>&nbsp;<\/p>\n<h5>R\u00e9jean Beaucage PAN M 360<\/h5>\n<p>Read the review \u2192<\/p>\n<p>[\/et_pb_text][\/et_pb_column][\/et_pb_row][\/et_pb_section][et_pb_section fb_built=&#8221;1&#8243; _builder_version=&#8221;4.16&#8243; _module_preset=&#8221;default&#8221; background_color=&#8221;#000000&#8243; custom_padding=&#8221;4px||2px|||&#8221; global_colors_info=&#8221;{}&#8221;][et_pb_row _builder_version=&#8221;4.16&#8243; _module_preset=&#8221;default&#8221; width=&#8221;100%&#8221; max_width=&#8221;101%&#8221; global_colors_info=&#8221;{}&#8221;][et_pb_column type=&#8221;4_4&#8243; _builder_version=&#8221;4.16&#8243; _module_preset=&#8221;default&#8221; global_colors_info=&#8221;{}&#8221;][et_pb_text admin_label=&#8221;Text&#8221; _builder_version=&#8221;4.16&#8243; _module_preset=&#8221;default&#8221; text_font=&#8221;|||on|||||&#8221; text_text_color=&#8221;#FFFFFF&#8221; text_line_height=&#8221;2em&#8221; link_text_color=&#8221;#FFFFFF&#8221; text_orientation=&#8221;center&#8221; custom_margin=&#8221;||12px||false|false&#8221; global_colors_info=&#8221;{}&#8221;]<\/p>\n<p><a href=\"https:\/\/rougebleue.com\/en\/product\/lizotte-plays-lizotte\/\">ALBUM ON SALE NOW <\/a><\/p>\n<p>[\/et_pb_text][et_pb_button button_url=&#8221;https:\/\/rougebleue.com\/en\/product\/lizotte-plays-lizotte\/&#8221; button_text=&#8221;BUY THE ALBUM&#8221; button_alignment=&#8221;center&#8221; disabled_on=&#8221;off|off|off&#8221; admin_label=&#8221;Button&#8221; _builder_version=&#8221;4.16&#8243; _module_preset=&#8221;default&#8221; custom_button=&#8221;on&#8221; button_text_size=&#8221;18px&#8221; button_text_color=&#8221;#cc1414&#8243; button_icon=&#8221;&#x24;||divi||400&#8243; custom_margin=&#8221;||||false|false&#8221; global_colors_info=&#8221;{}&#8221;][\/et_pb_button][\/et_pb_column][\/et_pb_row][\/et_pb_section][et_pb_section fb_built=&#8221;1&#8243; _builder_version=&#8221;4.16&#8243; _module_preset=&#8221;default&#8221; background_color=&#8221;#000000&#8243; global_colors_info=&#8221;{}&#8221;][et_pb_row _builder_version=&#8221;4.16&#8243; _module_preset=&#8221;default&#8221; custom_margin=&#8221;-55px||||false|false&#8221; global_colors_info=&#8221;{}&#8221;][et_pb_column type=&#8221;4_4&#8243; _builder_version=&#8221;4.16&#8243; _module_preset=&#8221;default&#8221; global_colors_info=&#8221;{}&#8221;][et_pb_code _builder_version=&#8221;4.16&#8243; _module_preset=&#8221;default&#8221; global_colors_info=&#8221;{}&#8221;]<iframe loading=\"lazy\" width=\"560\" height=\"315\" src=\"https:\/\/www.youtube.com\/embed\/NtLPnaDES6w\" title=\"YouTube video player\" frameborder=\"0\" allow=\"accelerometer; autoplay; clipboard-write; encrypted-media; gyroscope; picture-in-picture\" allowfullscreen><\/iframe>[\/et_pb_code][\/et_pb_column][\/et_pb_row][\/et_pb_section][et_pb_section fb_built=&#8221;1&#8243; _builder_version=&#8221;4.16&#8243; _module_preset=&#8221;default&#8221; background_color=&#8221;#000000&#8243; global_colors_info=&#8221;{}&#8221;][et_pb_row _builder_version=&#8221;4.16&#8243; _module_preset=&#8221;default&#8221; global_colors_info=&#8221;{}&#8221;][et_pb_column type=&#8221;4_4&#8243; _builder_version=&#8221;4.16&#8243; _module_preset=&#8221;default&#8221; global_colors_info=&#8221;{}&#8221;][et_pb_text admin_label=&#8221;Text&#8221; _builder_version=&#8221;4.16&#8243; _module_preset=&#8221;default&#8221; text_text_color=&#8221;#FFFFFF&#8221; global_colors_info=&#8221;{}&#8221;]<\/p>\n<p><a href=\"https:\/\/rougebleue.com\/a-propos\/\">Roug\u00e9bLeu\u00eb Productions<\/a> is a Quebec enterprise that reunites an independent record label and a production company. Founded in 2015 by multi-instrumentalist \u00c9tienne Ratth\u00e9 and harpist-composer Caroline Lizotte, it aims to promote the music of its artists.<\/p>\n<p>[\/et_pb_text][\/et_pb_column][\/et_pb_row][\/et_pb_section]<\/p>\n","protected":false},"excerpt":{"rendered":"<p>Fond\u00e9e en 2015 par le multi-instrumentiste \u00c9tienne Ratth\u00e9 et la harpiste-compositrice Caroline Lizotte, Roug\u00e9bLeu\u00eb Productions est une entreprise qu\u00e9b\u00e9coise qui regroupe une maison de disque ind\u00e9pendante et une maison de production visant \u00e0 faire rayonner la musique de ses artistes.<\/p>\n","protected":false},"author":5,"featured_media":768,"parent":0,"menu_order":0,"comment_status":"closed","ping_status":"closed","template":"","meta":{"_et_pb_use_builder":"on","_et_pb_old_content":"","_et_gb_content_width":"","footnotes":""},"class_list":["post-792","page","type-page","status-publish","has-post-thumbnail","hentry"],"yoast_head":"<!-- This site is optimized with the Yoast SEO plugin v22.0 - https:\/\/yoast.com\/wordpress\/plugins\/seo\/ -->\n<title>Home - Roug\u00e9bLeu\u00eb Productions<\/title>\n<meta name=\"description\" content=\"Roug\u00e9bLeu\u00eb Productions is a Quebec enterprise that reunites an independent record label and a production company. Founded in 2015 by multi-instrumentalist \u00c9tienne Ratth\u00e9 and harpist-composer Caroline Lizotte, it aims to promote the music of its artists.\" \/>\n<meta name=\"robots\" content=\"index, follow, max-snippet:-1, max-image-preview:large, max-video-preview:-1\" \/>\n<link rel=\"canonical\" href=\"https:\/\/rougebleue.com\/en\/\" \/>\n<meta property=\"og:locale\" content=\"en_US\" \/>\n<meta property=\"og:type\" content=\"article\" \/>\n<meta property=\"og:title\" content=\"Home - Roug\u00e9bLeu\u00eb Productions\" \/>\n<meta property=\"og:description\" content=\"Roug\u00e9bLeu\u00eb Productions is a Quebec enterprise that reunites an independent record label and a production company. Founded in 2015 by multi-instrumentalist \u00c9tienne Ratth\u00e9 and harpist-composer Caroline Lizotte, it aims to promote the music of its artists.\" \/>\n<meta property=\"og:url\" content=\"https:\/\/rougebleue.com\/en\/\" \/>\n<meta property=\"og:site_name\" content=\"Roug\u00e9bLeu\u00eb Productions\" \/>\n<meta property=\"article:publisher\" content=\"https:\/\/www.facebook.com\/CarolineLizotteHarpist\/\" \/>\n<meta property=\"article:modified_time\" content=\"2023-05-25T21:22:03+00:00\" \/>\n<meta property=\"og:image\" content=\"https:\/\/rougebleue.com\/wp-content\/uploads\/2022\/01\/album_cover.jpg\" \/>\n<meta name=\"twitter:card\" content=\"summary_large_image\" \/>\n<script type=\"application\/ld+json\" class=\"yoast-schema-graph\">{\"@context\":\"https:\/\/schema.org\",\"@graph\":[{\"@type\":\"WebPage\",\"@id\":\"https:\/\/rougebleue.com\/en\/\",\"url\":\"https:\/\/rougebleue.com\/en\/\",\"name\":\"Home - Roug\u00e9bLeu\u00eb Productions\",\"isPartOf\":{\"@id\":\"https:\/\/rougebleue.com\/en\/#website\"},\"datePublished\":\"2022-03-06T22:07:49+00:00\",\"dateModified\":\"2023-05-25T21:22:03+00:00\",\"description\":\"Roug\u00e9bLeu\u00eb Productions is a Quebec enterprise that reunites an independent record label and a production company. Founded in 2015 by multi-instrumentalist \u00c9tienne Ratth\u00e9 and harpist-composer Caroline Lizotte, it aims to promote the music of its artists.\",\"breadcrumb\":{\"@id\":\"https:\/\/rougebleue.com\/en\/#breadcrumb\"},\"inLanguage\":\"en-US\",\"potentialAction\":[{\"@type\":\"ReadAction\",\"target\":[\"https:\/\/rougebleue.com\/en\/\"]}]},{\"@type\":\"BreadcrumbList\",\"@id\":\"https:\/\/rougebleue.com\/en\/#breadcrumb\",\"itemListElement\":[{\"@type\":\"ListItem\",\"position\":1,\"name\":\"Home\",\"item\":\"https:\/\/rougebleue.com\/en\/\"},{\"@type\":\"ListItem\",\"position\":2,\"name\":\"Home\"}]},{\"@type\":\"WebSite\",\"@id\":\"https:\/\/rougebleue.com\/en\/#website\",\"url\":\"https:\/\/rougebleue.com\/en\/\",\"name\":\"Roug\u00e9bLeu\u00eb Productions\",\"description\":\"\u00c9tiquette de disque ind\u00e9pendante et maison de production qu\u00e9b\u00e9coise - Artistes: Caroline Lizotte, \u00c9tienne Ratth\u00e9\",\"potentialAction\":[{\"@type\":\"SearchAction\",\"target\":{\"@type\":\"EntryPoint\",\"urlTemplate\":\"https:\/\/rougebleue.com\/en\/?s={search_term_string}\"},\"query-input\":\"required name=search_term_string\"}],\"inLanguage\":\"en-US\"}]}<\/script>\n<!-- \/ Yoast SEO plugin. -->","yoast_head_json":{"title":"Home - Roug\u00e9bLeu\u00eb Productions","description":"Roug\u00e9bLeu\u00eb Productions is a Quebec enterprise that reunites an independent record label and a production company. Founded in 2015 by multi-instrumentalist \u00c9tienne Ratth\u00e9 and harpist-composer Caroline Lizotte, it aims to promote the music of its artists.","robots":{"index":"index","follow":"follow","max-snippet":"max-snippet:-1","max-image-preview":"max-image-preview:large","max-video-preview":"max-video-preview:-1"},"canonical":"https:\/\/rougebleue.com\/en\/","og_locale":"en_US","og_type":"article","og_title":"Home - Roug\u00e9bLeu\u00eb Productions","og_description":"Roug\u00e9bLeu\u00eb Productions is a Quebec enterprise that reunites an independent record label and a production company. Founded in 2015 by multi-instrumentalist \u00c9tienne Ratth\u00e9 and harpist-composer Caroline Lizotte, it aims to promote the music of its artists.","og_url":"https:\/\/rougebleue.com\/en\/","og_site_name":"Roug\u00e9bLeu\u00eb Productions","article_publisher":"https:\/\/www.facebook.com\/CarolineLizotteHarpist\/","article_modified_time":"2023-05-25T21:22:03+00:00","og_image":[{"url":"https:\/\/rougebleue.com\/wp-content\/uploads\/2022\/01\/album_cover.jpg"}],"twitter_card":"summary_large_image","schema":{"@context":"https:\/\/schema.org","@graph":[{"@type":"WebPage","@id":"https:\/\/rougebleue.com\/en\/","url":"https:\/\/rougebleue.com\/en\/","name":"Home - Roug\u00e9bLeu\u00eb Productions","isPartOf":{"@id":"https:\/\/rougebleue.com\/en\/#website"},"datePublished":"2022-03-06T22:07:49+00:00","dateModified":"2023-05-25T21:22:03+00:00","description":"Roug\u00e9bLeu\u00eb Productions is a Quebec enterprise that reunites an independent record label and a production company. Founded in 2015 by multi-instrumentalist \u00c9tienne Ratth\u00e9 and harpist-composer Caroline Lizotte, it aims to promote the music of its artists.","breadcrumb":{"@id":"https:\/\/rougebleue.com\/en\/#breadcrumb"},"inLanguage":"en-US","potentialAction":[{"@type":"ReadAction","target":["https:\/\/rougebleue.com\/en\/"]}]},{"@type":"BreadcrumbList","@id":"https:\/\/rougebleue.com\/en\/#breadcrumb","itemListElement":[{"@type":"ListItem","position":1,"name":"Home","item":"https:\/\/rougebleue.com\/en\/"},{"@type":"ListItem","position":2,"name":"Home"}]},{"@type":"WebSite","@id":"https:\/\/rougebleue.com\/en\/#website","url":"https:\/\/rougebleue.com\/en\/","name":"Roug\u00e9bLeu\u00eb Productions","description":"\u00c9tiquette de disque ind\u00e9pendante et maison de production qu\u00e9b\u00e9coise - Artistes: Caroline Lizotte, \u00c9tienne Ratth\u00e9","potentialAction":[{"@type":"SearchAction","target":{"@type":"EntryPoint","urlTemplate":"https:\/\/rougebleue.com\/en\/?s={search_term_string}"},"query-input":"required name=search_term_string"}],"inLanguage":"en-US"}]}},"_links":{"self":[{"href":"https:\/\/rougebleue.com\/en\/wp-json\/wp\/v2\/pages\/792","targetHints":{"allow":["GET"]}}],"collection":[{"href":"https:\/\/rougebleue.com\/en\/wp-json\/wp\/v2\/pages"}],"about":[{"href":"https:\/\/rougebleue.com\/en\/wp-json\/wp\/v2\/types\/page"}],"author":[{"embeddable":true,"href":"https:\/\/rougebleue.com\/en\/wp-json\/wp\/v2\/users\/5"}],"replies":[{"embeddable":true,"href":"https:\/\/rougebleue.com\/en\/wp-json\/wp\/v2\/comments?post=792"}],"version-history":[{"count":26,"href":"https:\/\/rougebleue.com\/en\/wp-json\/wp\/v2\/pages\/792\/revisions"}],"predecessor-version":[{"id":1461,"href":"https:\/\/rougebleue.com\/en\/wp-json\/wp\/v2\/pages\/792\/revisions\/1461"}],"wp:featuredmedia":[{"embeddable":true,"href":"https:\/\/rougebleue.com\/en\/wp-json\/wp\/v2\/media\/768"}],"wp:attachment":[{"href":"https:\/\/rougebleue.com\/en\/wp-json\/wp\/v2\/media?parent=792"}],"curies":[{"name":"wp","href":"https:\/\/api.w.org\/{rel}","templated":true}]}}